{"id":568,"date":"2021-04-13T13:53:41","date_gmt":"2021-04-13T11:53:41","guid":{"rendered":"https:\/\/www.hotel-fedra.com\/?page_id=568"},"modified":"2021-04-13T13:54:24","modified_gmt":"2021-04-13T11:54:24","slug":"thassos","status":"publish","type":"page","link":"https:\/\/www.hotel-fedra.com\/ro\/thassos\/","title":{"rendered":"Thassos"},"content":{"rendered":"<p><div class=\"fusion-fullwidth fullwidth-box fusion-builder-row-1 fusion-flex-container nonhundred-percent-fullwidth non-hundred-percent-height-scrolling\" style=\"background-color: rgba(255,255,255,0);background-position: center center;background-repeat: no-repeat;border-width: 0px 0px 0px 0px;border-color:#e2e2e2;border-style:solid;\" ><div class=\"fusion-builder-row fusion-row fusion-flex-align-items-flex-start\" style=\"max-width:1144px;margin-left: calc(-4% \/ 2 );margin-right: calc(-4% \/ 2 );\"><div class=\"fusion-layout-column fusion_builder_column fusion-builder-column-0 fusion_builder_column_1_1 1_1 fusion-flex-column\"><div class=\"fusion-column-wrapper fusion-flex-justify-content-flex-start fusion-content-layout-column\" style=\"background-position:left top;background-repeat:no-repeat;-webkit-background-size:cover;-moz-background-size:cover;-o-background-size:cover;background-size:cover;padding: 0px 0px 0px 0px;\"><div class=\"fusion-text fusion-text-1\" style=\"transform:translate3d(0,0,0);\"><h1 data-fontsize=\"32\" data-lineheight=\"44\">Golden Beach Thasos Greece<\/h1>\n<p><strong>Insula Thasos, cea mai bogat\u0103 insul\u0103 a Greciei<\/strong><\/p>\n<\/div><\/div><\/div><style type=\"text\/css\">.fusion-body .fusion-builder-column-0{width:100% !important;margin-top : 0px;margin-bottom : 20px;}.fusion-builder-column-0 > .fusion-column-wrapper {padding-top : 0px !important;padding-right : 0px !important;margin-right : 1.92%;padding-bottom : 0px !important;padding-left : 0px !important;margin-left : 1.92%;}@media only screen and (max-width:1024px) {.fusion-body .fusion-builder-column-0{width:100% !important;order : 0;}.fusion-builder-column-0 > .fusion-column-wrapper {margin-right : 1.92%;margin-left : 1.92%;}}@media only screen and (max-width:640px) {.fusion-body .fusion-builder-column-0{width:100% !important;order : 0;}.fusion-builder-column-0 > .fusion-column-wrapper {margin-right : 1.92%;margin-left : 1.92%;}}<\/style><\/div><style type=\"text\/css\">.fusion-body .fusion-flex-container.fusion-builder-row-1{ padding-top : 0px;margin-top : 0px;padding-right : 0px;padding-bottom : 0px;margin-bottom : 0px;padding-left : 0px;}<\/style><\/div><div class=\"fusion-fullwidth fullwidth-box fusion-builder-row-2 fusion-flex-container nonhundred-percent-fullwidth non-hundred-percent-height-scrolling\" style=\"background-color: rgba(255,255,255,0);background-position: center center;background-repeat: no-repeat;border-width: 0px 0px 0px 0px;border-color:#e2e2e2;border-style:solid;\" ><div class=\"fusion-builder-row fusion-row fusion-flex-align-items-flex-start\" style=\"max-width:1144px;margin-left: calc(-4% \/ 2 );margin-right: calc(-4% \/ 2 );\"><div class=\"fusion-layout-column fusion_builder_column fusion-builder-column-1 fusion_builder_column_3_5 3_5 fusion-flex-column\"><div class=\"fusion-column-wrapper fusion-flex-justify-content-flex-start fusion-content-layout-column\" style=\"background-position:left top;background-repeat:no-repeat;-webkit-background-size:cover;-moz-background-size:cover;-o-background-size:cover;background-size:cover;padding: 0px 0px 0px 0px;\"><div class=\"fusion-text fusion-text-2\" style=\"transform:translate3d(0,0,0);\"><p>Thasos apar\u021bine Prefecturii Kavala \u0219i este insula greceasc\u0103 nordic\u0103, la 11 km distan\u021b\u0103 de coasta Macedoniei de Est, \u00eentr-adev\u0103r aproape de golful Keramoti \u0219i de r\u00e2ul Nestos.<\/p>\n<p>Combina\u021bia dintre mare \u0219i mun\u021bi din Thasos este ceva pe care abia \u00eel g\u0103si\u021bi \u00een alte insule grece\u0219ti. Suprafa\u021ba insulei este de 393 km\u00b2. Pini, arbori, stejari, m\u0103slini acoper\u0103 mai mult de 7\/10 din suprafa\u021ba insulei.<\/p>\n<p>\u00cen Thasos alama, plumb, argint, rezerve de fier sunt materiale u\u0219or de g\u0103sit. \u00cen vechii ani, faimoasele mine, p\u0103duri, \u0219antiere navale au dat insulei o mare cre\u0219tere, slav\u0103 \u0219i progres. Thasos era, de asemenea, cunoscut pentru vinul bun.que Hotel Batagianni.<\/p>\n<\/div><\/div><\/div><style type=\"text\/css\">.fusion-body .fusion-builder-column-1{width:60% !important;margin-top : 0px;margin-bottom : 20px;}.fusion-builder-column-1 > .fusion-column-wrapper {padding-top : 0px !important;padding-right : 0px !important;margin-right : 3.2%;padding-bottom : 0px !important;padding-left : 0px !important;margin-left : 3.2%;}@media only screen and (max-width:1024px) {.fusion-body .fusion-builder-column-1{width:60% !important;order : 0;}.fusion-builder-column-1 > .fusion-column-wrapper {margin-right : 3.2%;margin-left : 3.2%;}}@media only screen and (max-width:640px) {.fusion-body .fusion-builder-column-1{width:100% !important;order : 0;}.fusion-builder-column-1 > .fusion-column-wrapper {margin-right : 1.92%;margin-left : 1.92%;}}<\/style><div class=\"fusion-layout-column fusion_builder_column fusion-builder-column-2 fusion_builder_column_2_5 2_5 fusion-flex-column\"><div class=\"fusion-column-wrapper fusion-flex-justify-content-flex-start fusion-content-layout-column\" style=\"background-position:left top;background-repeat:no-repeat;-webkit-background-size:cover;-moz-background-size:cover;-o-background-size:cover;background-size:cover;padding: 0px 0px 0px 0px;\"><div class=\"fusion-image-carousel fusion-image-carousel-auto lightbox-enabled fusion-carousel-border\"><div class=\"fusion-carousel\" data-autoplay=\"yes\" data-columns=\"1\" data-itemmargin=\"13\" data-itemwidth=\"180\" data-touchscroll=\"no\" data-imagesize=\"auto\"><div class=\"fusion-carousel-positioner\"><ul class=\"fusion-carousel-holder\"><li class=\"fusion-carousel-item\"><div class=\"fusion-carousel-item-wrapper\"><div class=\"fusion-image-wrapper hover-type-zoomin\"><a data-rel=\"iLightbox[image_carousel_1]\" data-caption=\"Hotel Fedra Golden Beach Thasos\" data-title=\"Hotel Fedra Golden Beach Thasos\" aria-label=\"Hotel Fedra Golden Beach Thasos\" href=\"https:\/\/www.hotel-fedra.com\/wp-content\/uploads\/2021\/01\/golden-beach-thassos-09.jpg\" target=\"_self\"><img width=\"900\" height=\"598\" src=\"https:\/\/www.hotel-fedra.com\/wp-content\/uploads\/2021\/01\/golden-beach-thassos-09.jpg\" class=\"attachment-full size-full\" alt=\"\" srcset=\"https:\/\/www.hotel-fedra.com\/wp-content\/uploads\/2021\/01\/golden-beach-thassos-09-200x133.jpg 200w, https:\/\/www.hotel-fedra.com\/wp-content\/uploads\/2021\/01\/golden-beach-thassos-09-300x199.jpg 300w, https:\/\/www.hotel-fedra.com\/wp-content\/uploads\/2021\/01\/golden-beach-thassos-09-400x266.jpg 400w, https:\/\/www.hotel-fedra.com\/wp-content\/uploads\/2021\/01\/golden-beach-thassos-09-600x399.jpg 600w, https:\/\/www.hotel-fedra.com\/wp-content\/uploads\/2021\/01\/golden-beach-thassos-09-768x510.jpg 768w, https:\/\/www.hotel-fedra.com\/wp-content\/uploads\/2021\/01\/golden-beach-thassos-09-800x532.jpg 800w, https:\/\/www.hotel-fedra.com\/wp-content\/uploads\/2021\/01\/golden-beach-thassos-09.jpg 900w\" sizes=\"(max-width: 900px) 100vw, 900px\" \/><\/a><\/div><\/div><\/li><li class=\"fusion-carousel-item\"><div class=\"fusion-carousel-item-wrapper\"><div class=\"fusion-image-wrapper hover-type-zoomin\"><a data-rel=\"iLightbox[image_carousel_1]\" data-caption=\"Hotel Fedra Golden Beach Thasos\" data-title=\"Hotel Fedra Golden Beach Thasos\" aria-label=\"Hotel Fedra Golden Beach Thasos\" href=\"https:\/\/www.hotel-fedra.com\/wp-content\/uploads\/2021\/01\/golden-beach-thassos-03.jpg\" target=\"_self\"><img width=\"900\" height=\"598\" src=\"https:\/\/www.hotel-fedra.com\/wp-content\/uploads\/2021\/01\/golden-beach-thassos-03.jpg\" class=\"attachment-full size-full\" alt=\"\" srcset=\"https:\/\/www.hotel-fedra.com\/wp-content\/uploads\/2021\/01\/golden-beach-thassos-03-200x133.jpg 200w, https:\/\/www.hotel-fedra.com\/wp-content\/uploads\/2021\/01\/golden-beach-thassos-03-300x199.jpg 300w, https:\/\/www.hotel-fedra.com\/wp-content\/uploads\/2021\/01\/golden-beach-thassos-03-400x266.jpg 400w, https:\/\/www.hotel-fedra.com\/wp-content\/uploads\/2021\/01\/golden-beach-thassos-03-600x399.jpg 600w, https:\/\/www.hotel-fedra.com\/wp-content\/uploads\/2021\/01\/golden-beach-thassos-03-768x510.jpg 768w, https:\/\/www.hotel-fedra.com\/wp-content\/uploads\/2021\/01\/golden-beach-thassos-03-800x532.jpg 800w, https:\/\/www.hotel-fedra.com\/wp-content\/uploads\/2021\/01\/golden-beach-thassos-03.jpg 900w\" sizes=\"(max-width: 900px) 100vw, 900px\" \/><\/a><\/div><\/div><\/li><li class=\"fusion-carousel-item\"><div class=\"fusion-carousel-item-wrapper\"><div class=\"fusion-image-wrapper hover-type-zoomin\"><a data-rel=\"iLightbox[image_carousel_1]\" data-caption=\"Hotel Fedra Golden Beach Thasos\" data-title=\"Hotel Fedra Golden Beach Thasos\" aria-label=\"Hotel Fedra Golden Beach Thasos\" href=\"https:\/\/www.hotel-fedra.com\/wp-content\/uploads\/2021\/01\/golden-beach-thassos-15.jpg\" target=\"_self\"><img width=\"900\" height=\"598\" src=\"https:\/\/www.hotel-fedra.com\/wp-content\/uploads\/2021\/01\/golden-beach-thassos-15.jpg\" class=\"attachment-full size-full\" alt=\"\" srcset=\"https:\/\/www.hotel-fedra.com\/wp-content\/uploads\/2021\/01\/golden-beach-thassos-15-200x133.jpg 200w, https:\/\/www.hotel-fedra.com\/wp-content\/uploads\/2021\/01\/golden-beach-thassos-15-300x199.jpg 300w, https:\/\/www.hotel-fedra.com\/wp-content\/uploads\/2021\/01\/golden-beach-thassos-15-400x266.jpg 400w, https:\/\/www.hotel-fedra.com\/wp-content\/uploads\/2021\/01\/golden-beach-thassos-15-600x399.jpg 600w, https:\/\/www.hotel-fedra.com\/wp-content\/uploads\/2021\/01\/golden-beach-thassos-15-768x510.jpg 768w, https:\/\/www.hotel-fedra.com\/wp-content\/uploads\/2021\/01\/golden-beach-thassos-15-800x532.jpg 800w, https:\/\/www.hotel-fedra.com\/wp-content\/uploads\/2021\/01\/golden-beach-thassos-15.jpg 900w\" sizes=\"(max-width: 900px) 100vw, 900px\" \/><\/a><\/div><\/div><\/li><li class=\"fusion-carousel-item\"><div class=\"fusion-carousel-item-wrapper\"><div class=\"fusion-image-wrapper hover-type-zoomin\"><a data-rel=\"iLightbox[image_carousel_1]\" data-caption=\"Hotel Fedra Golden Beach Thasos\" data-title=\"Hotel Fedra Golden Beach Thasos\" aria-label=\"Hotel Fedra Golden Beach Thasos\" href=\"https:\/\/www.hotel-fedra.com\/wp-content\/uploads\/2021\/01\/golden-beach-thassos-13.jpg\" target=\"_self\"><img width=\"900\" height=\"598\" src=\"https:\/\/www.hotel-fedra.com\/wp-content\/uploads\/2021\/01\/golden-beach-thassos-13.jpg\" class=\"attachment-full size-full\" alt=\"\" srcset=\"https:\/\/www.hotel-fedra.com\/wp-content\/uploads\/2021\/01\/golden-beach-thassos-13-200x133.jpg 200w, https:\/\/www.hotel-fedra.com\/wp-content\/uploads\/2021\/01\/golden-beach-thassos-13-300x199.jpg 300w, https:\/\/www.hotel-fedra.com\/wp-content\/uploads\/2021\/01\/golden-beach-thassos-13-400x266.jpg 400w, https:\/\/www.hotel-fedra.com\/wp-content\/uploads\/2021\/01\/golden-beach-thassos-13-600x399.jpg 600w, https:\/\/www.hotel-fedra.com\/wp-content\/uploads\/2021\/01\/golden-beach-thassos-13-768x510.jpg 768w, https:\/\/www.hotel-fedra.com\/wp-content\/uploads\/2021\/01\/golden-beach-thassos-13-800x532.jpg 800w, https:\/\/www.hotel-fedra.com\/wp-content\/uploads\/2021\/01\/golden-beach-thassos-13.jpg 900w\" sizes=\"(max-width: 900px) 100vw, 900px\" \/><\/a><\/div><\/div><\/li><li class=\"fusion-carousel-item\"><div class=\"fusion-carousel-item-wrapper\"><div class=\"fusion-image-wrapper hover-type-zoomin\"><a data-rel=\"iLightbox[image_carousel_1]\" data-caption=\"Hotel Fedra Golden Beach Thasos\" data-title=\"Hotel Fedra Golden Beach Thasos\" aria-label=\"Hotel Fedra Golden Beach Thasos\" href=\"https:\/\/www.hotel-fedra.com\/wp-content\/uploads\/2021\/01\/golden-beach-thassos-10.jpg\" target=\"_self\"><img width=\"900\" height=\"598\" src=\"https:\/\/www.hotel-fedra.com\/wp-content\/uploads\/2021\/01\/golden-beach-thassos-10.jpg\" class=\"attachment-full size-full\" alt=\"\" srcset=\"https:\/\/www.hotel-fedra.com\/wp-content\/uploads\/2021\/01\/golden-beach-thassos-10-200x133.jpg 200w, https:\/\/www.hotel-fedra.com\/wp-content\/uploads\/2021\/01\/golden-beach-thassos-10-300x199.jpg 300w, https:\/\/www.hotel-fedra.com\/wp-content\/uploads\/2021\/01\/golden-beach-thassos-10-400x266.jpg 400w, https:\/\/www.hotel-fedra.com\/wp-content\/uploads\/2021\/01\/golden-beach-thassos-10-600x399.jpg 600w, https:\/\/www.hotel-fedra.com\/wp-content\/uploads\/2021\/01\/golden-beach-thassos-10-768x510.jpg 768w, https:\/\/www.hotel-fedra.com\/wp-content\/uploads\/2021\/01\/golden-beach-thassos-10-800x532.jpg 800w, https:\/\/www.hotel-fedra.com\/wp-content\/uploads\/2021\/01\/golden-beach-thassos-10.jpg 900w\" sizes=\"(max-width: 900px) 100vw, 900px\" \/><\/a><\/div><\/div><\/li><\/ul><div class=\"fusion-carousel-nav\"><span class=\"fusion-nav-prev\"><\/span><span class=\"fusion-nav-next\"><\/span><\/div><\/div><\/div><\/div><\/div><\/div><style type=\"text\/css\">.fusion-body .fusion-builder-column-2{width:40% !important;margin-top : 0px;margin-bottom : 20px;}.fusion-builder-column-2 > .fusion-column-wrapper {padding-top : 0px !important;padding-right : 0px !important;margin-right : 4.8%;padding-bottom : 0px !important;padding-left : 0px !important;margin-left : 4.8%;}@media only screen and (max-width:1024px) {.fusion-body .fusion-builder-column-2{width:40% !important;order : 0;}.fusion-builder-column-2 > .fusion-column-wrapper {margin-right : 4.8%;margin-left : 4.8%;}}@media only screen and (max-width:640px) {.fusion-body .fusion-builder-column-2{width:100% !important;order : 0;}.fusion-builder-column-2 > .fusion-column-wrapper {margin-right : 1.92%;margin-left : 1.92%;}}<\/style><\/div><style type=\"text\/css\">.fusion-body .fusion-flex-container.fusion-builder-row-2{ padding-top : 0px;margin-top : 0px;padding-right : 0px;padding-bottom : 0px;margin-bottom : 0px;padding-left : 0px;}<\/style><\/div><div class=\"fusion-fullwidth fullwidth-box fusion-builder-row-3 fusion-flex-container nonhundred-percent-fullwidth non-hundred-percent-height-scrolling\" style=\"background-color: rgba(255,255,255,0);background-position: center center;background-repeat: no-repeat;border-width: 0px 0px 0px 0px;border-color:#e2e2e2;border-style:solid;\" ><div class=\"fusion-builder-row fusion-row fusion-flex-align-items-flex-start\" style=\"max-width:1144px;margin-left: calc(-4% \/ 2 );margin-right: calc(-4% \/ 2 );\"><div class=\"fusion-layout-column fusion_builder_column fusion-builder-column-3 fusion_builder_column_1_1 1_1 fusion-flex-column\"><div class=\"fusion-column-wrapper fusion-flex-justify-content-flex-start fusion-content-layout-column\" style=\"background-position:left top;background-repeat:no-repeat;-webkit-background-size:cover;-moz-background-size:cover;-o-background-size:cover;background-size:cover;padding: 0px 0px 0px 0px;\"><div class=\"fusion-text fusion-text-3\" style=\"transform:translate3d(0,0,0);\"><p>\u00cen prezent, insula este renumit\u0103 pentru cea mai alb\u0103 marmur\u0103 din lume, m\u0103sline, miere, oregano \u2013 cea mai bun\u0103 varietate \u2013 \u0219i dulciuri f\u0103cute \u00een cas\u0103, cum ar fi nucurile \u0219i smochinele. Spitalele, m\u00e2ncarea bun\u0103 \u0219i zilele relaxate din Thasos vor fi amintite de ani de zile .<\/p>\n<p>Plajele nisipoase, marea albastr\u0103 limpede, ideal\u0103 pentru sporturile acvatice \u0219i scufund\u0103ri, \u0219i pentru seturile de soare mai pu\u021bin aventuroase, vizitate \u0219i romantice.<\/p>\n<p><strong>Cum ajungem la Thassos<\/strong><\/p>\n<p>Ai putea ajunge pe insula Thassos zboar\u0103 spre Atena, spre Salonic sau Kavala, aeroportul \u201cMegas Alexandros \u2013 Alexandru cel Mare\u201d.<\/p>\n<p>Apoi, ridica\u021bi un taxi spre portul Keramoti \u2013 la o distan\u021b\u0103 de 5 p\u00e2n\u0103 la 10 minute \u2013 \u0219i apoi cu o feribot de 35 de minute spre ora\u0219ul Thassos (Limenas). Observa\u021bi, de asemenea, c\u0103 \u00een timpul sezonului de var\u0103 exist\u0103 zboruri charter directe spre aeroportul din Kavala din multe ora\u0219e europene.<\/p>\n<ul>\n<li>Distan\u021ba de la Atena la Keramoti este de 700 km, de la Salonic la Keramoti este de 220 km, iar de la Alexandroupoli la Keramoti este de 151 km.<\/li>\n<li>\u00cen timpul verii, feriboturile sunt programate la fiecare jum\u0103tate de or\u0103 (p\u00e2n\u0103 la ora 21:00 sau ora 22:00). Nu trebuie s\u0103 pre-ordona\u021bi bilete, pentru c\u0103 le pute\u021bi cump\u0103ra la port.<\/li>\n<\/ul>\n<p>C\u00e2nd ajunge\u021bi \u00een portul ora\u0219ului Thassos (Limenas) pute\u021bi lua un taxi sau un autobuz spre Golden Beach, unde este stabilit Enavlion Boutique Hotel Batagianni.<\/p>\n<\/div><\/div><\/div><style type=\"text\/css\">.fusion-body .fusion-builder-column-3{width:100% !important;margin-top : 0px;margin-bottom : 20px;}.fusion-builder-column-3 > .fusion-column-wrapper {padding-top : 0px !important;padding-right : 0px !important;margin-right : 1.92%;padding-bottom : 0px !important;padding-left : 0px !important;margin-left : 1.92%;}@media only screen and (max-width:1024px) {.fusion-body .fusion-builder-column-3{width:100% !important;order : 0;}.fusion-builder-column-3 > .fusion-column-wrapper {margin-right : 1.92%;margin-left : 1.92%;}}@media only screen and (max-width:640px) {.fusion-body .fusion-builder-column-3{width:100% !important;order : 0;}.fusion-builder-column-3 > .fusion-column-wrapper {margin-right : 1.92%;margin-left : 1.92%;}}<\/style><\/div><style type=\"text\/css\">.fusion-body .fusion-flex-container.fusion-builder-row-3{ padding-top : 0px;margin-top : 0px;padding-right : 0px;padding-bottom : 0px;margin-bottom : 0px;padding-left : 0px;}<\/style><\/div><div class=\"fusion-fullwidth fullwidth-box fusion-builder-row-4 fusion-flex-container nonhundred-percent-fullwidth non-hundred-percent-height-scrolling\" style=\"background-color: rgba(255,255,255,0);background-position: center center;background-repeat: no-repeat;border-width: 0px 0px 0px 0px;border-color:#e2e2e2;border-style:solid;\" ><div class=\"fusion-builder-row fusion-row fusion-flex-align-items-flex-start\" style=\"max-width:1144px;margin-left: calc(-4% \/ 2 );margin-right: calc(-4% \/ 2 );\"><div class=\"fusion-layout-column fusion_builder_column fusion-builder-column-4 fusion_builder_column_1_3 1_3 fusion-flex-column\"><div class=\"fusion-column-wrapper fusion-flex-justify-content-flex-start fusion-content-layout-column\" style=\"background-position:left top;background-repeat:no-repeat;-webkit-background-size:cover;-moz-background-size:cover;-o-background-size:cover;background-size:cover;padding: 0px 0px 0px 0px;\"><div style=\"text-align:center;\"><style type=\"text\/css\">.fusion-button.button-1 {border-radius:0px;}.fusion-button.button-1 .fusion-button-text {text-transform:uppercase;}<\/style><a class=\"fusion-button button-flat fusion-button-default-size button-default button-1 fusion-button-default-span fusion-button-default-type\" target=\"_blank\" rel=\"noopener noreferrer\" href=\"https:\/\/www.thassos-view.com\/thassos\/travelling-to-thassos\/ferries-timetable\"><i class=\"fa-ship fas button-icon-left\" aria-hidden=\"true\"><\/i><span class=\"fusion-button-text\">FERRIES CALENDAR<\/span><\/a><\/div><\/div><\/div><style type=\"text\/css\">.fusion-body .fusion-builder-column-4{width:33.333333333333% !important;margin-top : 0px;margin-bottom : 20px;}.fusion-builder-column-4 > .fusion-column-wrapper {padding-top : 0px !important;padding-right : 0px !important;margin-right : 5.76%;padding-bottom : 0px !important;padding-left : 0px !important;margin-left : 5.76%;}@media only screen and (max-width:1024px) {.fusion-body .fusion-builder-column-4{width:33.333333333333% !important;order : 0;}.fusion-builder-column-4 > .fusion-column-wrapper {margin-right : 5.76%;margin-left : 5.76%;}}@media only screen and (max-width:640px) {.fusion-body .fusion-builder-column-4{width:100% !important;order : 0;}.fusion-builder-column-4 > .fusion-column-wrapper {margin-right : 1.92%;margin-left : 1.92%;}}<\/style><div class=\"fusion-layout-column fusion_builder_column fusion-builder-column-5 fusion_builder_column_1_3 1_3 fusion-flex-column\"><div class=\"fusion-column-wrapper fusion-flex-justify-content-flex-start fusion-content-layout-column\" style=\"background-position:left top;background-repeat:no-repeat;-webkit-background-size:cover;-moz-background-size:cover;-o-background-size:cover;background-size:cover;padding: 0px 0px 0px 0px;\"><div style=\"text-align:center;\"><style type=\"text\/css\">.fusion-button.button-2 {border-radius:0px;}.fusion-button.button-2 .fusion-button-text {text-transform:uppercase;}<\/style><a class=\"fusion-button button-flat fusion-button-default-size button-default button-2 fusion-button-default-span fusion-button-default-type\" target=\"_blank\" rel=\"noopener noreferrer\" href=\"https:\/\/www.kva-airport.gr\/en\"><i class=\"fa-plane fas button-icon-left\" aria-hidden=\"true\"><\/i><span class=\"fusion-button-text\">Aeroportul KVA KAVALA<\/span><\/a><\/div><\/div><\/div><style type=\"text\/css\">.fusion-body .fusion-builder-column-5{width:33.333333333333% !important;margin-top : 0px;margin-bottom : 20px;}.fusion-builder-column-5 > .fusion-column-wrapper {padding-top : 0px !important;padding-right : 0px !important;margin-right : 5.76%;padding-bottom : 0px !important;padding-left : 0px !important;margin-left : 5.76%;}@media only screen and (max-width:1024px) {.fusion-body .fusion-builder-column-5{width:33.333333333333% !important;order : 0;}.fusion-builder-column-5 > .fusion-column-wrapper {margin-right : 5.76%;margin-left : 5.76%;}}@media only screen and (max-width:640px) {.fusion-body .fusion-builder-column-5{width:100% !important;order : 0;}.fusion-builder-column-5 > .fusion-column-wrapper {margin-right : 1.92%;margin-left : 1.92%;}}<\/style><div class=\"fusion-layout-column fusion_builder_column fusion-builder-column-6 fusion_builder_column_1_3 1_3 fusion-flex-column\"><div class=\"fusion-column-wrapper fusion-flex-justify-content-flex-start fusion-content-layout-column\" style=\"background-position:left top;background-repeat:no-repeat;-webkit-background-size:cover;-moz-background-size:cover;-o-background-size:cover;background-size:cover;padding: 0px 0px 0px 0px;\"><div style=\"text-align:center;\"><style type=\"text\/css\">.fusion-button.button-3 {border-radius:0px;}.fusion-button.button-3 .fusion-button-text {text-transform:uppercase;}<\/style><a class=\"fusion-button button-flat fusion-button-default-size button-default button-3 fusion-button-default-span fusion-button-default-type\" target=\"_blank\" rel=\"noopener noreferrer\" href=\"https:\/\/gr.k24.net\/en\/greece\/west-macedonia-thrace\/weather-thasos-18\"><i class=\"fa-cloud fas button-icon-left\" aria-hidden=\"true\"><\/i><span class=\"fusion-button-text\">PIERDEREA DE GOLDEN BEACH<\/span><\/a><\/div><\/div><\/div><style type=\"text\/css\">.fusion-body .fusion-builder-column-6{width:33.333333333333% !important;margin-top : 0px;margin-bottom : 20px;}.fusion-builder-column-6 > .fusion-column-wrapper {padding-top : 0px !important;padding-right : 0px !important;margin-right : 5.76%;padding-bottom : 0px !important;padding-left : 0px !important;margin-left : 5.76%;}@media only screen and (max-width:1024px) {.fusion-body .fusion-builder-column-6{width:33.333333333333% !important;order : 0;}.fusion-builder-column-6 > .fusion-column-wrapper {margin-right : 5.76%;margin-left : 5.76%;}}@media only screen and (max-width:640px) {.fusion-body .fusion-builder-column-6{width:100% !important;order : 0;}.fusion-builder-column-6 > .fusion-column-wrapper {margin-right : 1.92%;margin-left : 1.92%;}}<\/style><\/div><style type=\"text\/css\">.fusion-body .fusion-flex-container.fusion-builder-row-4{ padding-top : 0px;margin-top : 0px;padding-right : 0px;padding-bottom : 0px;margin-bottom : 0px;padding-left : 0px;}<\/style><\/div><\/p>\n","protected":false},"excerpt":{"rendered":"","protected":false},"author":1,"featured_media":0,"parent":0,"menu_order":0,"comment_status":"closed","ping_status":"closed","template":"","meta":[],"yoast_head":"<!-- This site is optimized with the Yoast SEO plugin v15.6.2 - https:\/\/yoast.com\/wordpress\/plugins\/seo\/ -->\n<title>Thassos - Hotel Fedra<\/title>\n<meta name=\"robots\" content=\"index, follow, max-snippet:-1, max-image-preview:large, max-video-preview:-1\" \/>\n<link rel=\"canonical\" href=\"https:\/\/www.hotel-fedra.com\/ro\/thassos\/\" \/>\n<meta property=\"og:locale\" content=\"ro_RO\" \/>\n<meta property=\"og:type\" content=\"article\" \/>\n<meta property=\"og:title\" content=\"Thassos - Hotel Fedra\" \/>\n<meta property=\"og:url\" content=\"https:\/\/www.hotel-fedra.com\/ro\/thassos\/\" \/>\n<meta property=\"og:site_name\" content=\"Hotel Fedra\" \/>\n<meta property=\"article:modified_time\" content=\"2021-04-13T11:54:24+00:00\" \/>\n<meta name=\"twitter:card\" content=\"summary_large_image\" \/>\n<meta name=\"twitter:label1\" content=\"Timp estimat pentru citire\">\n\t<meta name=\"twitter:data1\" content=\"8 minute\">\n<script type=\"application\/ld+json\" class=\"yoast-schema-graph\">{\"@context\":\"https:\/\/schema.org\",\"@graph\":[{\"@type\":\"WebSite\",\"@id\":\"https:\/\/www.hotel-fedra.com\/#website\",\"url\":\"https:\/\/www.hotel-fedra.com\/\",\"name\":\"Hotel Fedra\",\"description\":\"\",\"potentialAction\":[{\"@type\":\"SearchAction\",\"target\":\"https:\/\/www.hotel-fedra.com\/?s={search_term_string}\",\"query-input\":\"required name=search_term_string\"}],\"inLanguage\":\"ro-RO\"},{\"@type\":\"WebPage\",\"@id\":\"https:\/\/www.hotel-fedra.com\/ro\/thassos\/#webpage\",\"url\":\"https:\/\/www.hotel-fedra.com\/ro\/thassos\/\",\"name\":\"Thassos - Hotel Fedra\",\"isPartOf\":{\"@id\":\"https:\/\/www.hotel-fedra.com\/#website\"},\"datePublished\":\"2021-04-13T11:53:41+00:00\",\"dateModified\":\"2021-04-13T11:54:24+00:00\",\"inLanguage\":\"ro-RO\",\"potentialAction\":[{\"@type\":\"ReadAction\",\"target\":[\"https:\/\/www.hotel-fedra.com\/ro\/thassos\/\"]}]}]}<\/script>\n<!-- \/ Yoast SEO plugin. -->","_links":{"self":[{"href":"https:\/\/www.hotel-fedra.com\/ro\/wp-json\/wp\/v2\/pages\/568"}],"collection":[{"href":"https:\/\/www.hotel-fedra.com\/ro\/wp-json\/wp\/v2\/pages"}],"about":[{"href":"https:\/\/www.hotel-fedra.com\/ro\/wp-json\/wp\/v2\/types\/page"}],"author":[{"embeddable":true,"href":"https:\/\/www.hotel-fedra.com\/ro\/wp-json\/wp\/v2\/users\/1"}],"replies":[{"embeddable":true,"href":"https:\/\/www.hotel-fedra.com\/ro\/wp-json\/wp\/v2\/comments?post=568"}],"version-history":[{"count":3,"href":"https:\/\/www.hotel-fedra.com\/ro\/wp-json\/wp\/v2\/pages\/568\/revisions"}],"predecessor-version":[{"id":576,"href":"https:\/\/www.hotel-fedra.com\/ro\/wp-json\/wp\/v2\/pages\/568\/revisions\/576"}],"wp:attachment":[{"href":"https:\/\/www.hotel-fedra.com\/ro\/wp-json\/wp\/v2\/media?parent=568"}],"curies":[{"name":"wp","href":"https:\/\/api.w.org\/{rel}","templated":true}]}}